{"id":11,"date":"2011-03-04T17:23:58","date_gmt":"2011-03-04T17:23:58","guid":{"rendered":"http:\/\/www.scope-europe.de\/?page_id=11"},"modified":"2015-11-14T17:22:23","modified_gmt":"2015-11-14T16:22:23","slug":"schwerpunkte","status":"publish","type":"page","link":"http:\/\/www.scope-europe.de\/?page_id=11","title":{"rendered":"Schwerpunkte"},"content":{"rendered":"<p>\u2022 Gerichtsgutachter im selbst\u00e4ndigen Beweisverfahren (\u00a7 485 ZPO)<\/p>\n<p>\u2022 Schieds- und Privatgutachter<\/p>\n<p>\u2022 Unternehmensberater im Chemie- und Gasanlagenbau<\/p>\n<p>\u2022 Berater und Gutachter f\u00fcr Kraftwerksprojekte<\/p>\n<p>\u2022 Seminarleiter T\u00dcV Saarland Bildung + Consulting GmbH<\/p>\n<p>\u2022 Sachverst\u00e4ndiger bei der nach Betriebssicherheitsverordnung (BetrSichV) zugelassenen \u00dcberwachungsstelle <a href=\"http:\/\/www.gtue.de\/\" target=\"_self\">GT\u00dc<\/a> f\u00fcr den Bereich Dampfkessel- und Druckbeh\u00e4lteranlagen, sowie den Explosionsschutz, Mitarbeiter als \u00a0Notfied Body nach Druckger\u00e4terichtlinie und ASME-Zertifizierung in Kooperation mit dem Germanischen Lloyd, Hamburg (GL-Group)<\/p>\n<p>\u2022 Lehrbeauftragter f\u00fcr Anlagen- und Apparatebau an der Fachhochschule Jena<\/p>\n<p>&nbsp;<\/p>\n<p>&nbsp;<\/p>\n<p><strong>T\u00e4tigkeitsschwerpunkte<\/strong><\/p>\n<p>seit 1983 bis dato<\/p>\n<p>Kraftwerks- und Erdgasversorgungsanlagen: GuD-Anlagen (Gas- u. Dampfkraftwerke). Auslegung der mechanischen Sicherheitskomponenten von Erdgas-und Fl\u00fcssiggasspeichern, \u00dcberpr\u00fcfung der softwaretechnischen Sicherheit (functional safety, SIL-Einsufung). in W\u00e4rmekraftwerke mit Erdgasversorgung, Erstellung von W\u00e4rme- u.Energiebilanzen, Projektierung von Anlagen mit Kraft-W\u00e4rme-Kopplung, Planung von Blockheizkraftwerken, von Druckgasanlagen und Anlagen f\u00fcr verfl\u00fcssigte Gase (tiefkalt) Gef\u00e4hrdungsbeurteilungen (auf der Basis von Gefahrenanalysen), Ermittlung mechanischer Gef\u00e4hrdungen an ungesch\u00fctzt und unkontrolliert bewegten Maschinenteilen sowie an Anlagenkomponen mit gef\u00e4hrlichen Oberfl\u00e4chen<\/p>\n<p><strong>Bewertung von Gef\u00e4hrdungen durch Dampf und Druck :<\/strong><\/p>\n<p>in Kraftwerksanlagen, insbesondere in Gasturbinen- u. Dampfkesselanlagen und in Druckluft- u. Hydraulikanlagen, Beurteilung von Gef\u00e4hrdungen durch Wechselwirkungen von Anlagenkomponenten und Gefahrstoffen, insbesondere bei Anlagen in explosionsgef\u00e4hrdeten Atmosph\u00e4ren<\/p>\n<p><strong>Projektierung von Chemieanlagen :<\/strong><\/p>\n<p>Planung, Genehmigung, T\u00dcV-Pr\u00fcfungen, Projektabwicklung, Inbetriebsetzung, Reklamations- bzw. claim-management<\/p>\n<p>Validierung von pharmazeutischen Anlagen<\/p>\n<p><strong>Realisierung von Ammoniakanlagen :<\/strong><\/p>\n<p>NH3-Lagerung in Kraftwerken NH3-Behandlung in K\u00e4lteanlagen<\/p>\n<p>Bau und Ausr\u00fcstung von Erdgasanlagen<\/p>\n<p>&#8211; gerichtsfeste beh\u00f6rdliche Planung, Bewertungen nach DVGW und \u00d6NGW<\/p>\n<p>&#8211; Genehmigungsmanagement<\/p>\n<p>&#8211; sachverst\u00e4ndige Bewertung der Kostenstrukturen f\u00fcr Bau, Betrieb und Instandhaltung von Druckspeichern u. Durchleitungsnetzen<\/p>\n","protected":false},"excerpt":{"rendered":"<p>\u2022 Gerichtsgutachter im selbst\u00e4ndigen Beweisverfahren (\u00a7 485 ZPO) \u2022 Schieds- und Privatgutachter \u2022 Unternehmensberater im Chemie- und Gasanlagenbau \u2022 Berater und Gutachter f\u00fcr Kraftwerksprojekte \u2022 Seminarleiter T\u00dcV Saarland Bildung + Consulting GmbH \u2022 Sachverst\u00e4ndiger bei der nach Betriebssicherheitsverordnung (BetrSichV) zugelassenen \u00dcberwachungsstelle GT\u00dc f\u00fcr den Bereich Dampfkessel- und Druckbeh\u00e4lteranlagen, sowie den Explosionsschutz, Mitarbeiter als \u00a0Notfied Body &hellip;<\/p>\n","protected":false},"author":1,"featured_media":0,"parent":0,"menu_order":3,"comment_status":"closed","ping_status":"closed","template":"page-nosidebar.php","meta":[],"_links":{"self":[{"href":"http:\/\/www.scope-europe.de\/index.php?rest_route=\/wp\/v2\/pages\/11"}],"collection":[{"href":"http:\/\/www.scope-europe.de\/index.php?rest_route=\/wp\/v2\/pages"}],"about":[{"href":"http:\/\/www.scope-europe.de\/index.php?rest_route=\/wp\/v2\/types\/page"}],"author":[{"embeddable":true,"href":"http:\/\/www.scope-europe.de\/index.php?rest_route=\/wp\/v2\/users\/1"}],"replies":[{"embeddable":true,"href":"http:\/\/www.scope-europe.de\/index.php?rest_route=%2Fwp%2Fv2%2Fcomments&post=11"}],"version-history":[{"count":16,"href":"http:\/\/www.scope-europe.de\/index.php?rest_route=\/wp\/v2\/pages\/11\/revisions"}],"predecessor-version":[{"id":471,"href":"http:\/\/www.scope-europe.de\/index.php?rest_route=\/wp\/v2\/pages\/11\/revisions\/471"}],"wp:attachment":[{"href":"http:\/\/www.scope-europe.de\/index.php?rest_route=%2Fwp%2Fv2%2Fmedia&parent=11"}],"curies":[{"name":"wp","href":"https:\/\/api.w.org\/{rel}","templated":true}]}}