{"id":2,"date":"2011-03-04T16:20:16","date_gmt":"2011-03-04T16:20:16","guid":{"rendered":"http:\/\/www.scope-europe.de\/?page_id=2"},"modified":"2015-03-08T18:23:08","modified_gmt":"2015-03-08T18:23:08","slug":"home","status":"publish","type":"page","link":"http:\/\/www.scope-europe.de\/","title":{"rendered":"Home"},"content":{"rendered":"<h3><span style=\"font-size: medium;\"><strong><span style=\"color: #800000;\"><span style=\"color: #f73707;\">O<\/span> <\/span><\/strong><\/span>Pr\u00fcfen<\/h3>\n<p>\u2022 Ganzheitliche Anlagenpr\u00fcfung zur Erf\u00fcllung der gesetzlichen Betreiberpflichten<br \/>\n\u2022 Pr\u00fcfungen nach dem Ger\u00e4te- und Produktsicherheitsgesetz<br \/>\n\u2022 Pr\u00fcfungen nach den berufsgenossenschaftlichen Unfallverh\u00fctungsvorschriften<br \/>\n\u2022 Pr\u00fcfungen nach den Richtlinien der Haftpflichtversicherer<br \/>\n\u2022 Pr\u00fcfungen nach Betriebssicherheitsverordnung (BetrSichV), gem\u00e4ss den entsprechenden Technischen Regeln (TRBS)<\/p>\n<h3><span style=\"font-size: medium;\"><strong><span style=\"color: #333399;\"><span style=\"color: #591fc1;\">O<\/span> <\/span><\/strong><\/span>Begutachten<\/h3>\n<p>\u2022 Maschinen-, Komponenten- und Bauteilbewertung verfahrenstechnischer Anlagen<br \/>\n\u2022 Wartungs-, Instandhaltungs- und \u00dcberwachungsma\u00dfnahmen<br \/>\n\u2022 Aufstellung von Logistikpl\u00e4nen f\u00fcr Versorgungsl\u00e4ger, insbesondere f\u00fcr Umschlagl\u00e4ger<br \/>\n\u2022 Restwert- und Neuwertermittlung von Maschinen und Produktionsanlagen<\/p>\n<h3><span style=\"font-size: medium;\"><strong><span style=\"color: #008000;\">O <\/span><\/strong><\/span>Beraten<\/h3>\n<p>\u2022 CE-Kennzeichnung und CE-Konformit\u00e4tsverfahren<br \/>\n\u2022 Durchf\u00fchrung von Genehmigungsverfahren nach BImSchG<br \/>\n\u2022 Erstellung von Alarm- und Gefahrabwehrpl\u00e4nen<br \/>\n\u2022 Umsetzung einer gerichtsfesten Betriebsorganisation gem\u00e4\u00df Betriebssicherheitsverordnung<\/p>\n","protected":false},"excerpt":{"rendered":"<p>O Pr\u00fcfen \u2022 Ganzheitliche Anlagenpr\u00fcfung zur Erf\u00fcllung der gesetzlichen Betreiberpflichten \u2022 Pr\u00fcfungen nach dem Ger\u00e4te- und Produktsicherheitsgesetz \u2022 Pr\u00fcfungen nach den berufsgenossenschaftlichen Unfallverh\u00fctungsvorschriften \u2022 Pr\u00fcfungen nach den Richtlinien der Haftpflichtversicherer \u2022 Pr\u00fcfungen nach Betriebssicherheitsverordnung (BetrSichV), gem\u00e4ss den entsprechenden Technischen Regeln (TRBS) O Begutachten \u2022 Maschinen-, Komponenten- und Bauteilbewertung verfahrenstechnischer Anlagen \u2022 Wartungs-, Instandhaltungs- und \u00dcberwachungsma\u00dfnahmen &hellip;<\/p>\n","protected":false},"author":1,"featured_media":0,"parent":0,"menu_order":1,"comment_status":"closed","ping_status":"closed","template":"page-nosidebar.php","meta":[],"_links":{"self":[{"href":"http:\/\/www.scope-europe.de\/index.php?rest_route=\/wp\/v2\/pages\/2"}],"collection":[{"href":"http:\/\/www.scope-europe.de\/index.php?rest_route=\/wp\/v2\/pages"}],"about":[{"href":"http:\/\/www.scope-europe.de\/index.php?rest_route=\/wp\/v2\/types\/page"}],"author":[{"embeddable":true,"href":"http:\/\/www.scope-europe.de\/index.php?rest_route=\/wp\/v2\/users\/1"}],"replies":[{"embeddable":true,"href":"http:\/\/www.scope-europe.de\/index.php?rest_route=%2Fwp%2Fv2%2Fcomments&post=2"}],"version-history":[{"count":30,"href":"http:\/\/www.scope-europe.de\/index.php?rest_route=\/wp\/v2\/pages\/2\/revisions"}],"predecessor-version":[{"id":388,"href":"http:\/\/www.scope-europe.de\/index.php?rest_route=\/wp\/v2\/pages\/2\/revisions\/388"}],"wp:attachment":[{"href":"http:\/\/www.scope-europe.de\/index.php?rest_route=%2Fwp%2Fv2%2Fmedia&parent=2"}],"curies":[{"name":"wp","href":"https:\/\/api.w.org\/{rel}","templated":true}]}}