{"id":22,"date":"2011-03-04T17:26:38","date_gmt":"2011-03-04T17:26:38","guid":{"rendered":"http:\/\/www.scope-europe.de\/?page_id=22"},"modified":"2020-09-15T15:47:45","modified_gmt":"2020-09-15T14:47:45","slug":"partner","status":"publish","type":"page","link":"http:\/\/www.scope-europe.de\/?page_id=22","title":{"rendered":"Partner"},"content":{"rendered":"<p><a href=\"http:\/\/www.kiwa.de\/\"><img loading=\"lazy\" class=\"alignleft size-full wp-image-222\" title=\"042-kiwa-logo\" src=\"http:\/\/www.scope-europe.de\/wp-content\/uploads\/2011\/03\/042-kiwa-logo.gif\" alt=\"\" width=\"120\" height=\"38\" \/><\/a><\/p>\n<p><strong><a href=\"http:\/\/www.kiwa.de\/\" target=\"_parent\" rel=\"noopener noreferrer\">kiwa \u2013 Partner for progress<\/a><\/strong><\/p>\n<p>Kiwa ist ein unabh\u00e4ngiges und unparteiisches Unternehmen f\u00fcr<\/p>\n<p><strong>Wasser- und Umweltrecht<\/strong>,<\/p>\n<p>das sich mit seinen Niederlassungen in den Niederlanden, Deutschland, Gro\u00dfbritannien, Belgien, Italien und Skandinavien der Qualit\u00e4tssicherung verpflichtet hat.<\/p>\n<p>. . . . . . . . . . . . . . . . . . . . . . . . . . . . . . . . . . . . . . . . . . . . . . . . . . . .<\/p>\n<p><a href=\"http:\/\/www.gl-group.com\/en\/group\/index.php\" target=\"_blank\" rel=\"noopener noreferrer\"><img loading=\"lazy\" class=\"alignleft size-full wp-image-276\" title=\"logo_glgroup\" src=\"http:\/\/www.scope-europe.de\/wp-content\/uploads\/2011\/03\/logo_glgroup.gif\" alt=\"\" width=\"200\" height=\"139\" \/><\/a><\/p>\n<p><strong>\u00a0<\/strong><\/p>\n<p><strong><a href=\"http:\/\/www.gl-group.com\/en\/group\/index.php\" target=\"_blank\" rel=\"noopener noreferrer\">Germanischer Lloyd Hamburg<\/a><\/strong><\/p>\n<p>Notified Body\u00a0(p.e.d.)<\/p>\n<p>Benannte Stelle\u00a0nach\u00a0Druckger\u00e4terichtlinie<\/p>\n<p>. . . . . . . . . . . . . . . . . . . . . . . . . . . . . . . . . . . . . . . . . . . . . . . . . . . .<\/p>\n<p><a href=\"http:\/\/lub-herne.de\/\" target=\"_blank\" rel=\"noopener noreferrer\"><img loading=\"lazy\" class=\"alignleft size-full wp-image-223\" title=\"042-lub-logo\" src=\"http:\/\/www.scope-europe.de\/wp-content\/uploads\/2011\/03\/042-lub-logo.jpg\" alt=\"\" width=\"120\" height=\"48\" \/><\/a><\/p>\n<p><strong><a href=\"http:\/\/www.lub-herne.de\/\" target=\"_blank\" rel=\"noopener noreferrer\">LUB-Herne<\/a><\/strong><br \/>\nLabor f\u00fcr Umweltanalytik und Biotechnik<\/p>\n<p>. . . . . . . . . . . . . . . . . . . . . . . . . . . . . . . . . . . . . . . . . . . . . . . . . . . .<\/p>\n","protected":false},"excerpt":{"rendered":"<p>kiwa \u2013 Partner for progress Kiwa ist ein unabh\u00e4ngiges und unparteiisches Unternehmen f\u00fcr Wasser- und Umweltrecht, das sich mit seinen Niederlassungen in den Niederlanden, Deutschland, Gro\u00dfbritannien, Belgien, Italien und Skandinavien der Qualit\u00e4tssicherung verpflichtet hat. . . . . . . . . . . . . . . . . . . . . . &hellip;<\/p>\n","protected":false},"author":1,"featured_media":0,"parent":0,"menu_order":7,"comment_status":"closed","ping_status":"closed","template":"page-nosidebar.php","meta":[],"_links":{"self":[{"href":"http:\/\/www.scope-europe.de\/index.php?rest_route=\/wp\/v2\/pages\/22"}],"collection":[{"href":"http:\/\/www.scope-europe.de\/index.php?rest_route=\/wp\/v2\/pages"}],"about":[{"href":"http:\/\/www.scope-europe.de\/index.php?rest_route=\/wp\/v2\/types\/page"}],"author":[{"embeddable":true,"href":"http:\/\/www.scope-europe.de\/index.php?rest_route=\/wp\/v2\/users\/1"}],"replies":[{"embeddable":true,"href":"http:\/\/www.scope-europe.de\/index.php?rest_route=%2Fwp%2Fv2%2Fcomments&post=22"}],"version-history":[{"count":49,"href":"http:\/\/www.scope-europe.de\/index.php?rest_route=\/wp\/v2\/pages\/22\/revisions"}],"predecessor-version":[{"id":526,"href":"http:\/\/www.scope-europe.de\/index.php?rest_route=\/wp\/v2\/pages\/22\/revisions\/526"}],"wp:attachment":[{"href":"http:\/\/www.scope-europe.de\/index.php?rest_route=%2Fwp%2Fv2%2Fmedia&parent=22"}],"curies":[{"name":"wp","href":"https:\/\/api.w.org\/{rel}","templated":true}]}}