{"id":26,"date":"2011-03-04T17:27:46","date_gmt":"2011-03-04T17:27:46","guid":{"rendered":"http:\/\/www.scope-europe.de\/?page_id=26"},"modified":"2015-04-04T16:04:04","modified_gmt":"2015-04-04T16:04:04","slug":"weiterbildung","status":"publish","type":"page","link":"http:\/\/www.scope-europe.de\/?page_id=26","title":{"rendered":"Weiterbildung"},"content":{"rendered":"<h3 id=\"box\"><span style=\"font-family: Verdana;\">Eigene Seminare mit den Themenschwerpunkten<\/span><\/h3>\n<p><strong>CE-Verfahrenspr\u00fcfungen<\/strong><br \/>\n\u2022 zur Einzelkonformit\u00e4t anlagentechnischer EU-Richtlinien<br \/>\n\u2022 zur Baugruppen- und Anlagenkonformit\u00e4t (sowohl Beschaffenheit als auch Betrieb)<br \/>\n\u2022 zu modularen Konformit\u00e4tsbewertungen im Rahmen Beschaffenheit und Betrieb<br \/>\n\u2022 zur Bewertung  von &#8220;Wesentlichen Ver\u00e4nderungen&#8221; von Komponenten und Anlagen<\/p>\n<p><strong>Qualifikationsschulung mit Zertifikat f\u00fcr -Bef\u00e4higte Personen- gem\u00e4\u00df BetrSichV<\/strong><br \/>\n\u2022 Gefahrenanalysen und Gef\u00e4hrdungsbeurteilungen<br \/>\n\u2022 f\u00fcr Arbeitsmittel und druckf\u00fchrende Bauteile incl. Kraftwerke mit Dampfkesselanlagen<br \/>\n\u2022 f\u00fcr den mechanischen Explosionsschutz<\/p>\n<p><strong>Dokumentationserstellung f\u00fcr Kraftwerksanlagen inkl. Abnahmedokumentation<\/strong><br \/>\n\u2022 Ermittlung von Pr\u00fcffristen gem\u00e4\u00df BetrSichV<br \/>\n\u2022 f\u00fcr gewerbliche Arbeitsmittel<br \/>\n\u2022 f\u00fcr \u00fcberwachungsbed\u00fcrftige Anlagen<\/p>\n<p><strong>Planung und Auslegung incl. Projektmanagement f\u00fcr moderne Kraftwerksanlagen<\/strong><br \/>\n\u2022 von fossil gefeuerten Anlagen incl. GuD- und BHKW-Anlagen<br \/>\n\u2022 von Anlagen mit alternativen Energietr\u00e4gern (Solarenergie, Windenenergie, Wasserkraft)<\/p>\n<p><strong>Komponenten- und Anlagensicherheit als Umsetzung  einer &#8220;Functional Safety&#8221;<\/strong><br \/>\n\u2022 gem\u00e4ss  EN 61508<br \/>\n\u2022 gem\u00e4ss  EN 61511<\/p>\n<p><strong>Seminar-Kraftwerksanlagen <\/strong><br \/>\n<a href=\"http:\/\/www.scope-europe.de\/wp-content\/uploads\/2011\/03\/Seminar-Kraftwerksanlagen.pdf\">Kraftwerksanlagen<\/a><\/p>\n<p><strong>Seminare-Betriebssicherheit<\/strong><br \/>\n<a href=\"http:\/\/www.scope-europe.de\/wp-content\/uploads\/2011\/03\/Seminare_Betriebssicherheit.pdf\">Betriebssicherheit<\/a><\/p>\n","protected":false},"excerpt":{"rendered":"<p>Eigene Seminare mit den Themenschwerpunkten CE-Verfahrenspr\u00fcfungen \u2022 zur Einzelkonformit\u00e4t anlagentechnischer EU-Richtlinien \u2022 zur Baugruppen- und Anlagenkonformit\u00e4t (sowohl Beschaffenheit als auch Betrieb) \u2022 zu modularen Konformit\u00e4tsbewertungen im Rahmen Beschaffenheit und Betrieb \u2022 zur Bewertung von &#8220;Wesentlichen Ver\u00e4nderungen&#8221; von Komponenten und Anlagen Qualifikationsschulung mit Zertifikat f\u00fcr -Bef\u00e4higte Personen- gem\u00e4\u00df BetrSichV \u2022 Gefahrenanalysen und Gef\u00e4hrdungsbeurteilungen \u2022 f\u00fcr Arbeitsmittel &hellip;<\/p>\n","protected":false},"author":1,"featured_media":0,"parent":0,"menu_order":9,"comment_status":"closed","ping_status":"closed","template":"page-nosidebar.php","meta":[],"_links":{"self":[{"href":"http:\/\/www.scope-europe.de\/index.php?rest_route=\/wp\/v2\/pages\/26"}],"collection":[{"href":"http:\/\/www.scope-europe.de\/index.php?rest_route=\/wp\/v2\/pages"}],"about":[{"href":"http:\/\/www.scope-europe.de\/index.php?rest_route=\/wp\/v2\/types\/page"}],"author":[{"embeddable":true,"href":"http:\/\/www.scope-europe.de\/index.php?rest_route=\/wp\/v2\/users\/1"}],"replies":[{"embeddable":true,"href":"http:\/\/www.scope-europe.de\/index.php?rest_route=%2Fwp%2Fv2%2Fcomments&post=26"}],"version-history":[{"count":9,"href":"http:\/\/www.scope-europe.de\/index.php?rest_route=\/wp\/v2\/pages\/26\/revisions"}],"predecessor-version":[{"id":412,"href":"http:\/\/www.scope-europe.de\/index.php?rest_route=\/wp\/v2\/pages\/26\/revisions\/412"}],"wp:attachment":[{"href":"http:\/\/www.scope-europe.de\/index.php?rest_route=%2Fwp%2Fv2%2Fmedia&parent=26"}],"curies":[{"name":"wp","href":"https:\/\/api.w.org\/{rel}","templated":true}]}}