{"id":265,"date":"2011-03-25T14:42:43","date_gmt":"2011-03-25T14:42:43","guid":{"rendered":"http:\/\/www.scope-europe.de\/?page_id=265"},"modified":"2015-04-04T16:03:56","modified_gmt":"2015-04-04T16:03:56","slug":"projekte","status":"publish","type":"page","link":"http:\/\/www.scope-europe.de\/?page_id=265","title":{"rendered":"Projekte"},"content":{"rendered":"<h3><strong>Projektbeschreibung\/T\u00e4tigkeiten<\/strong><\/h3>\n<p><strong>\u00a0<\/strong><\/p>\n<h4><strong>01\/13 &#8211; dato<\/strong><\/h4>\n<h4><strong>Beratungen\u00a0zur Funktionalen Anlagensicherheit (functional safety)\u00a0gem\u00e4ss IEC 61598 \/ 61511 bei verschiedenen Herstellern und Anlagenbetreibern im Rahmen einer sicherheitstechnischen Verf\u00fcgbarkeit\u00a0der installierten Baugruppen<\/strong><\/h4>\n<h4><strong>Erfassung der quantitativen Ausfallwahrscheinlichkeit ihrer Komponenten,<\/strong><\/h4>\n<h4><strong>Ganzheitliche Konformit\u00e4tserkl\u00e4rungen f\u00fcr Funktionseinheiten der Kraftwerks- und Anlagentechnik<\/strong><\/h4>\n<h4><strong>\u00a0<\/strong><\/h4>\n<h4><strong>04\/12 &#8211; 12\/12<\/strong><\/h4>\n<h4><strong><span style=\"color: #000000;\">\u00a0<\/span><\/strong><br \/>\n<strong>Gutachter f\u00fcr die SCA Packaging Containerboard Deutschland GmbH, Werk Aschaffenburg,\u00a0Sicherheitstechnische Bewertung der Heissdampfversorgung des neu errichteten GuD-Kraftwerkes\u00a0\u00a0<\/strong><\/h4>\n<h4><strong>\u00a0<\/strong><\/h4>\n<h4><strong>03\/12 &#8211; 04\/12<\/strong><\/h4>\n<h4><strong><span style=\"color: #000000;\">\u00a0<\/span><\/strong><br \/>\n<strong>Claim Manager f\u00fcr den Brennstofftransport im Kraftwerk der IGS Gersthofen (Augsburg) bzgl. der Produktaufgabe der Kesselanlage<\/strong><\/h4>\n<h4><strong>\u00a0<\/strong><\/h4>\n<h4><strong>01\/12 &#8211; 02\/12<\/strong><\/h4>\n<h4><strong>\u00a0<\/strong><br \/>\n<strong>Projektleiter f\u00fcr Sicherheitsanalysen bei der Nordischen Verm\u00f6gensverwaltung (NVC), der Carroux Gruppe in Hamburg, verantwortlich f\u00fcr die Betriebssicherheit des Tanklagers in HH-Wilhelmsburg<\/strong><\/h4>\n<h4><strong>\u00a0<\/strong><\/h4>\n<h4><strong>05\/11 &#8211; 12\/11<\/strong><\/h4>\n<h4><strong>Berater und <a href=\"http:\/\/www.inp-e.com\/\">Gutachter<\/a> f\u00fcr die RWE Technology GmbH im Steinkohle-Kraftwerk NL-Eemshaven : <a href=\"mailto:dieter.hollenhorst@rwe.com\">Konformit\u00e4tspr\u00fcfung<\/a> des Kraftwerkprojektes im Rahmen der deutschen Betriebssicherheitsverordnung : Koordination der Schnittstellen zu den Beschaffenheitsanforderungen im Rahmen der EU-Richtlinien<\/strong><\/h4>\n<h4><strong>\u00a0<\/strong><\/h4>\n<h4><strong>04\/10 &#8211; 04\/11<\/strong><\/h4>\n<h4><strong><span style=\"color: #000000;\">\u00a0<\/span><\/strong><br \/>\n<strong>Fachberater beim T\u00dcV Rheinland Industrieservice GmbH, dem Notified Body f\u00fcr laufende Grosskraftwerks-Projekte, inkl. der functional safety mit SIL-Einstufung<\/strong><\/h4>\n<h4><strong>\u00a0<\/strong><\/h4>\n<h4><strong>\u00a0<\/strong><\/h4>\n<h4><strong>02\/10 \u2013 dato<\/strong><\/h4>\n<h4><strong><span style=\"color: #000000;\">\u00a0<\/span><\/strong><br \/>\n<strong>Gutachter in Kooperation mit dem VGB Essen f\u00fcr Kraft-W\u00e4rmekopplungsanlagen (KWK) im Rahmen von Kessel- und Dampfturbinenbetrieb bei der Fa. GWT (Gesellschaft f\u00fcr W\u00e4rmetechnik) in Leobersdorf\/Wien, insbesondere f\u00fcr den anlagentechnischen Explosionsschutz<\/strong><\/h4>\n<h4><strong>\u00a0<\/strong><\/h4>\n<h4><strong>12\/09 \u2013 01\/10<\/strong><\/h4>\n<h4><strong><span style=\"color: #000000;\">\u00a0<\/span><\/strong><br \/>\n<strong>Gutachten f\u00fcr HAZOP-Studien (gem\u00e4ss St\u00f6rfallverordnung) bei der schweizerischen Technischen \u00dcberwachungsstelle, der SWISS TS in CH-Wallisellen (bei Z\u00fcrich), Mitarbeit als Notified Body, CE-Zertifizierungen f\u00fcr DGRL und Maschinenrichtlinie, Anlagenzulassung, Genehmigungsverfahren, Konzessionierungen f\u00fcr EU-Zertifizierungen\u00a0\u00a0 inkl. SIL-Einstufungen im Rahmen der functional safety nach IEC 61508\/61511<\/strong><\/h4>\n<h4><strong>\u00a0<\/strong><\/h4>\n<h4><strong>\u00a0<\/strong><\/h4>\n<h4><strong>05\/09 \u2013 11\/09<\/strong><\/h4>\n<h4><strong>\u00a0<\/strong><br \/>\n<strong>Inbetriebnahme des Kohlekraftwerkes in Duisburg \u2013 Walsum, Betreiber evonik, Errichter Hitachi power \u00a0verantwortlich f\u00fcr das Beh\u00f6rdenengineering<\/strong><\/h4>\n<h4><strong>\u00a0<\/strong><\/h4>\n<h4><strong>\u00a0<\/strong><\/h4>\n<h4><strong>01\/08 \u2013 04\/09<\/strong><\/h4>\n<h4><strong>\u00a0<\/strong><br \/>\n<strong>Gutachter in Kraftwerksprojekten.der Alstom power in CH-Baden, ped- und ASME-Zertifizierungen. International anerkannt, beratend und pr\u00fcfend t\u00e4tig in Planungen und Ausf\u00fchrung von Gas- und Dampfturbinenkraftwerken (GuD-Anlagen), insbesondere f\u00fcr &#8221;Functional Safety\u201c der Abhitzekesselanlagen, Planung, Bau und Inbetriebnahme der Erdgasversorgung f\u00fcr die Gasturbinen, insbesondere f\u00fcr den Explosionsschutz<\/strong><\/h4>\n<h4><strong>\u00a0<\/strong><\/h4>\n<h4><strong>\u00a0<\/strong><\/h4>\n<h4><strong>2007 &#8211; dato<\/strong><\/h4>\n<h4><strong>\u00a0<\/strong><br \/>\n<strong>Sachverst\u00e4ndiger (Z\u00dcS) bei einer nach Betriebssicherheitsverordnung (BetrSichV).zugelassenen \u00dcberwachungsstelle, der GT\u00dc Anlagensicherheit in Stuttgart, f\u00fcr\u00a0 Betrieb und Pr\u00fcfung von Dampfkessel- und Druckbeh\u00e4lteranlagen (incl. Druckgase) sowie f\u00fcr sicherheitstechnische Bewertungen von Anlagen im\/unter Explosionsschutz (ATEX).<\/strong><\/h4>\n<h4><strong>Gutachter f\u00fcr den Germanischen Lloyd, Hamburg, als \u201cBenannte Stelle\u201c (Notified Body) f\u00fcr Planung, Fertigung, Errichtung und Aufstellung aller dampf- und druckf\u00fchrenden Komponenten und Baugruppen, verfahrenstechnische u. konstruktive Optimierung von Erdgasverteilungsnetzen mit den dazu notwendigen Druckerh\u00f6hungsanlagen<\/strong><\/h4>\n<h4><strong>\u00a0<\/strong><\/h4>\n<h4><strong>\u00a0<\/strong><\/h4>\n<h4><strong>2006 &#8211; 2007<\/strong><\/h4>\n<h4><strong>Hydro Alumimium GmbH, Grevenbroich<\/strong><\/h4>\n<h4><strong>\u00a0<\/strong><br \/>\n<strong>u.a. als &#8220;Bef\u00e4higte Person gem\u00e4\u00df \u00a7 2, (7), BetrSichV &#8221; selbst\u00e4ndig t\u00e4tig bei der Fa. Hydro Alumimium GmbH, im Werk Grevenbroich, im Betriebsbereich &lt;Band&gt;, zur sicherheitstechnischen \u00dcberpr\u00fcfung der entspr. Maschinen gem\u00e4\u00df der TRBS 2111 (Mechanische Gef\u00e4hrdungen).<\/strong><\/h4>\n<h4><strong>Audits auf der Basis von Managementsystemen nach ISO 14001<\/strong><\/h4>\n<h4><strong>\u00a0<\/strong><\/h4>\n<h4><strong>\u00a0<\/strong><\/h4>\n<h4><strong>2000 &#8211; dato<\/strong><\/h4>\n<h4><strong>akkreditierter Sachverst\u00e4ndiger<\/strong><\/h4>\n<h4><strong>\u00a0Gutachter- und Beratungst\u00e4tigkeit im Verbund mit dem IfS, dem Institut f\u00fcr Sachverst\u00e4ndigenwesen in K\u00f6ln,\u00a0 \u00a0Projektbegleitung beim Erdgasspeicher Nievenheim in K\u00f6ln\/Dormagen (Betreiber RWE, Errichter Siemens) : hier verantwortlich f\u00fcr die Bewertung und Optimierung der sicherheitstechnischen Anlagenausr\u00fcstung<\/strong><\/h4>\n<h4><strong>\u00a0<\/strong><\/h4>\n<h4><strong>1996 &#8211; dato<\/strong><\/h4>\n<h4>\n<strong>Industrie- und Handelskammer M\u00fcnster, jetzt IHK Nordrhein<\/strong><\/h4>\n<h4><strong>\u00d6ffentliche Hand<\/strong><\/h4>\n<h4><strong>Projektbeschreibung\/T\u00e4tigkeit:<\/strong><br \/>\n<strong>Freiberuflich t\u00e4tig als \u00f6ffentlich bestellter und vereidigter Sachverst\u00e4ndiger der Industrie- und Handelskammer M\u00fcnster\u00a0 Qualit\u00e4tsmanagement in Chemischen Anlagen, insbesondere Fl\u00fcssiggasanlagen (LPG) und Erdgasanlagen<\/strong><\/h4>\n<h4><strong>Privat- und Gerichtsgutachter sowie\u00a0 Gutachter in Schiedsverfahren und Kostenbewertungen<\/strong><\/h4>\n<h4><strong>Safety Certification Contractor (SCC)<\/strong><\/h4>\n","protected":false},"excerpt":{"rendered":"<p>Projektbeschreibung\/T\u00e4tigkeiten \u00a0 01\/13 &#8211; dato Beratungen\u00a0zur Funktionalen Anlagensicherheit (functional safety)\u00a0gem\u00e4ss IEC 61598 \/ 61511 bei verschiedenen Herstellern und Anlagenbetreibern im Rahmen einer sicherheitstechnischen Verf\u00fcgbarkeit\u00a0der installierten Baugruppen Erfassung der quantitativen Ausfallwahrscheinlichkeit ihrer Komponenten, Ganzheitliche Konformit\u00e4tserkl\u00e4rungen f\u00fcr Funktionseinheiten der Kraftwerks- und Anlagentechnik \u00a0 04\/12 &#8211; 12\/12 \u00a0 Gutachter f\u00fcr die SCA Packaging Containerboard Deutschland GmbH, Werk Aschaffenburg,\u00a0Sicherheitstechnische &hellip;<\/p>\n","protected":false},"author":1,"featured_media":0,"parent":0,"menu_order":3,"comment_status":"closed","ping_status":"closed","template":"page-nosidebar.php","meta":[],"_links":{"self":[{"href":"http:\/\/www.scope-europe.de\/index.php?rest_route=\/wp\/v2\/pages\/265"}],"collection":[{"href":"http:\/\/www.scope-europe.de\/index.php?rest_route=\/wp\/v2\/pages"}],"about":[{"href":"http:\/\/www.scope-europe.de\/index.php?rest_route=\/wp\/v2\/types\/page"}],"author":[{"embeddable":true,"href":"http:\/\/www.scope-europe.de\/index.php?rest_route=\/wp\/v2\/users\/1"}],"replies":[{"embeddable":true,"href":"http:\/\/www.scope-europe.de\/index.php?rest_route=%2Fwp%2Fv2%2Fcomments&post=265"}],"version-history":[{"count":44,"href":"http:\/\/www.scope-europe.de\/index.php?rest_route=\/wp\/v2\/pages\/265\/revisions"}],"predecessor-version":[{"id":410,"href":"http:\/\/www.scope-europe.de\/index.php?rest_route=\/wp\/v2\/pages\/265\/revisions\/410"}],"wp:attachment":[{"href":"http:\/\/www.scope-europe.de\/index.php?rest_route=%2Fwp%2Fv2%2Fmedia&parent=265"}],"curies":[{"name":"wp","href":"https:\/\/api.w.org\/{rel}","templated":true}]}}