{"id":443,"date":"2015-11-14T16:50:44","date_gmt":"2015-11-14T15:50:44","guid":{"rendered":"http:\/\/www.scope-europe.de\/?page_id=443"},"modified":"2015-11-14T17:30:53","modified_gmt":"2015-11-14T16:30:53","slug":"gutachten-zertifizierungen","status":"publish","type":"page","link":"http:\/\/www.scope-europe.de\/?page_id=443","title":{"rendered":"Gutachten \/ Zertifizierungen"},"content":{"rendered":"<p><strong>1Referenzen:<\/strong><br \/>\nPr\u00fcf- und Gutachtert\u00e4tigkeiten bei Projekten f\u00fcr Standardkessel Duisburg, Voest-Alpine, Lentjes, Steinm\u00fcller, Hitachi, RWE und Alstom , in CH-Baden (Alstom) als Berater f\u00fcr GuD- Kraftwerksprojekte der RWE, insbesondere gem\u00e4ss IEC 61508\/61511 (functional safety, SIL) f\u00fcr den zuk\u00fcnftigen Kraftwerksbetreiber im Rahmen der Vorschriften gem\u00e4ss den EU-Richtlinien (Maschinen, Druckger\u00e4te, Niederspannung, ATEX, usw.); Seminarleiter f\u00fcr Aus- u. Weiterbildung der Bef\u00e4higten Personen gem\u00e4ss \u00a7 2, Abs.(7) und \u00a7 12-15, Betriebssicherheitsverordnung, Claim-Management bei Schadensgutachten, Zeit- und Kostencontrolling bei Projektabwicklungen.<\/p>\n<p>Schwerpunkte der T\u00e4tigkeit waren u.a. die Schnittstellen von p.e.d.- und ASME-Anlagen, insbesondere deren \u201cdesign-mix\u201c, d.h. von Anlagen mit ASME Heat Recovery Steam Generators und EN-piping bzw. von p.e.d.-Dampferzeugern \/ Abhitzekesseln mit ASME-piping, hierbei Verfahren zur Konformit\u00e4tsbewertung in Bezug s\u00e4mtlicher, relevanter EU-Richtlinien.<\/p>\n<p><strong>1990 &#8211; 1993<\/strong> amtlich anerkannter Sachverst\u00e4ndiger; RWT\u00dcV, in den Bereichen:<br \/>\nDruckbeh\u00e4lter und Dampfkessel<br \/>\nAnlagen zur:<br \/>\n&#8211; Abf\u00fcllung von verdichteten, verfl\u00fcssigten und unter Druck gel\u00f6sten Gasen<br \/>\n&#8211; zur Lagerung und Abf\u00fcllung und Bef\u00f6rderung von brennbaren Fl\u00fcssigkeiten<br \/>\n&#8211; Leitungen unter innerem \u00dcberdruck f\u00fcr brennbare, \u00e4tzende oder giftige Gase, D\u00e4mpfe oder Fl\u00fcssigkeiten<br \/>\n&#8211; Sachverst\u00e4ndiger nach VAwS<\/p>\n<p><strong>1994 &#8211; 1996<\/strong> Technische Leitungsfunktion in der Industrie<\/p>\n<p><strong>seit 1996<\/strong> Selbst\u00e4ndige T\u00e4tigkeit als \u00f6ffentlich bestellter und vereidigter Sachverst\u00e4ndiger f\u00fcr Chemie- und Dampfkesselanlagen und f\u00fcr Fl\u00fcssiggas bzw. Fl\u00fcssiggaslagerbeh\u00e4lter (TRB 801\/25, Anlage)<\/p>\n<p><strong>2001 &#8211; 2009<\/strong> Lehrbeauftragter f\u00fcr Anlagen- und Apparatebau an der FH Jena<\/p>\n<p><strong>seit 2007<\/strong> Sachverst\u00e4ndiger der GT\u00dc Anlagensicherheit f\u00fcr<br \/>\n&#8211; Dampfkesselanlagen und Druckbeh\u00e4lteranlagen<br \/>\n&#8211; F\u00fcllanlagen<br \/>\n&#8211; Ex-Anlagen und Anlagen f\u00fcr entz\u00fcndliche, leichtentz\u00fcndliche und hochentz\u00fcndliche Fl\u00fcssigkeiten<\/p>\n<p><strong>2008 \/ 2009<\/strong> Projektleiter bei Alstom (CH-Baden) f\u00fcr das RWE-GuD-Kraftwerk LIngen<\/p>\n<p><strong>seit 2009<\/strong> Pr\u00fcfer der Benannten Stelle (Notified Body) f\u00fcr Druckger\u00e4te beim Germanischen Lloyd, f\u00fcr die Pr\u00fcfmodule A1, C1, F, G, H, H1<\/p>\n<p><strong>2009 &#8211; 2010<\/strong> HAZOP- Studien bei SWISS TS Z\u00fcrich in Kooperation mit dem T\u00dcV S\u00dcD<br \/>\n&#8211; Gefahrenanalysen, Gef\u00e4hrdungsbeurteilungen und Risikobewertungen<\/p>\n<p>Mitarbeit bei Erstinbetriebsetzung f\u00fcr das Kraftwerk Duisburg Walsum<\/p>\n<p><strong>2010 &#8211; 2011<\/strong> Gutachter bei GWT W\u00e4rmetechnik, Leobersdorf \/ Wien (VGB Essen)<\/p>\n<p>NoBo-Berater beim T\u00dcV Rheinland, K\u00f6ln, f\u00fcr Projekte Alstom, Stuttgart<\/p>\n<p><strong>2011 \/ 2012<\/strong> Stabsstellenleiter, Inbetriebnahmen im RWE-Kraftwerk Eemshaven (NL)<br \/>\nSchadensanalysen im Kraftwerk IGS Gersthofen (Augsburg)<br \/>\nBGV-\/BGR-Pr\u00fcfungen im Tanklager bei NOW (Nordische \u00d6lwerke, HH)<\/p>\n<p><strong>dato 2012<\/strong> Umweltgutachten (Konzessionierung) im Kraftwerk der TRIANEL, L\u00fcnen<br \/>\nRohrleitungspr\u00fcfungen, Kraftwerk der SCA Aschaffenburg (Papierfabrik)<\/p>\n","protected":false},"excerpt":{"rendered":"<p>1Referenzen: Pr\u00fcf- und Gutachtert\u00e4tigkeiten bei Projekten f\u00fcr Standardkessel Duisburg, Voest-Alpine, Lentjes, Steinm\u00fcller, Hitachi, RWE und Alstom , in CH-Baden (Alstom) als Berater f\u00fcr GuD- Kraftwerksprojekte der RWE, insbesondere gem\u00e4ss IEC 61508\/61511 (functional safety, SIL) f\u00fcr den zuk\u00fcnftigen Kraftwerksbetreiber im Rahmen der Vorschriften gem\u00e4ss den EU-Richtlinien (Maschinen, Druckger\u00e4te, Niederspannung, ATEX, usw.); Seminarleiter f\u00fcr Aus- u. Weiterbildung &hellip;<\/p>\n","protected":false},"author":1,"featured_media":0,"parent":0,"menu_order":1,"comment_status":"open","ping_status":"open","template":"page-nosidebar.php","meta":[],"_links":{"self":[{"href":"http:\/\/www.scope-europe.de\/index.php?rest_route=\/wp\/v2\/pages\/443"}],"collection":[{"href":"http:\/\/www.scope-europe.de\/index.php?rest_route=\/wp\/v2\/pages"}],"about":[{"href":"http:\/\/www.scope-europe.de\/index.php?rest_route=\/wp\/v2\/types\/page"}],"author":[{"embeddable":true,"href":"http:\/\/www.scope-europe.de\/index.php?rest_route=\/wp\/v2\/users\/1"}],"replies":[{"embeddable":true,"href":"http:\/\/www.scope-europe.de\/index.php?rest_route=%2Fwp%2Fv2%2Fcomments&post=443"}],"version-history":[{"count":10,"href":"http:\/\/www.scope-europe.de\/index.php?rest_route=\/wp\/v2\/pages\/443\/revisions"}],"predecessor-version":[{"id":472,"href":"http:\/\/www.scope-europe.de\/index.php?rest_route=\/wp\/v2\/pages\/443\/revisions\/472"}],"wp:attachment":[{"href":"http:\/\/www.scope-europe.de\/index.php?rest_route=%2Fwp%2Fv2%2Fmedia&parent=443"}],"curies":[{"name":"wp","href":"https:\/\/api.w.org\/{rel}","templated":true}]}}