{"id":534,"date":"2020-09-15T16:38:30","date_gmt":"2020-09-15T15:38:30","guid":{"rendered":"http:\/\/www.scope-europe.de\/?page_id=534"},"modified":"2020-09-15T16:40:41","modified_gmt":"2020-09-15T15:40:41","slug":"aktuelles","status":"publish","type":"page","link":"http:\/\/www.scope-europe.de\/?page_id=534","title":{"rendered":"Aktuelles"},"content":{"rendered":"\n<p class=\"has-medium-font-size\"><strong>Bereich Bauleitung, Bau\u00fcberwachung<\/strong><\/p>\n\n\n\n<p>Bauleitung, Beratung und Planung im Kraftwerksbau und im industriellen Anlagenbau<\/p>\n\n\n\n<ul><li>Die Kernkompetenzen liegen in den Arbeitsfeldern der Projektleitung der Kraftwerkstechnik, der Kraft-W\u00e4rme-Kopplung, der \u00d6l- und Erdgasgewinnung mit deren Verarbeitung sowie im Energiemanagement.<\/li><li>Die Beratungsarten umfassen die &#8220;Functional Safety&#8221; in Projekten der Kraftwerkstechnik, sowohl energetisch als auch betriebswirtschaftlich.<\/li><li>Zu erstellende Analysen, als auch die gutachterliche Auswertung von Konzepten zur Energieversorgung und des Umweltschutzes, die Bewertung von CE-Konformit\u00e4tsverfahren und von Qualit\u00e4tsmanagementsystemen.<\/li><li>Themen sind dabei die EG-Druckger\u00e4terichtlinie in der Schnittstelle zur Betriebssicherheitsverordnung.<\/li><li>Pr\u00fcf- und Gutachtert\u00e4tigkeiten bei Projekten f\u00fcr Standardkessel Duisburg, Voest-Alpine, Lentjes, Steinm\u00fcller, Hitachi, RWE und Alstom<\/li><li>in CH-Baden (Alstom) als Berater f\u00fcr GuD-Kraftwerksprojekte der RWE (Baden und Lingen), insbesondere gem\u00e4\u00df IEC 61508\/61511 (functional safety, SIL) f\u00fcr den zuk\u00fcnftigen Kraftwerksbetreiber im Rahmen der Vorschriften gem\u00e4\u00df den EU-Richtlinien (Maschinen, Druckger\u00e4te, Niederspannung, ATEX, usw.);<\/li><li>Claim-Management bei Schadensgutachten, Zeit- und Kostencontrolling bei Projektabwicklungen<\/li><\/ul>\n\n\n\n<p class=\"has-medium-font-size\"><strong>Projekte in 2019 und 2020<\/strong><\/p>\n\n\n\n<p><strong>Kl\u00e4ranlage, Puderbach<\/strong><\/p>\n\n\n\n<p>Erkl\u00e4rung der Gesamtkonformit\u00e4t der Bestandsanlage &#8221; Kl\u00e4ranlage H\u00f6lzches M\u00fchle<\/p>\n\n\n\n<p>56305 Puderbach&#8221;, der Eigenbetriebe Wasserwerk &amp; Abwasserwerk als Errichter und<\/p>\n\n\n\n<p>Betreiber am Standort Steimeler Str. 7, in<\/p>\n\n\n\n<p>56305 Puderbach<\/p>\n\n\n\n<p><strong>Fun Production GmbH, Braubach<\/strong><\/p>\n\n\n\n<p>Gef\u00e4hrdungsbeurteilung und Risikoanalyse einer station\u00e4ren Trampolinanlage eines Spieleparks nach Ereignissen mit K\u00f6rpersch\u00e4den mit dem Ziel einer Gesamtkonformit\u00e4tserkl\u00e4rung und der daraus resultierenden Anlagenfreigabe<\/p>\n\n\n\n<p><strong>Oschatz Energy and Environment GmbH, Essen<\/strong><\/p>\n\n\n\n<p>Bestimmung und zertifizierte Klassifizierung der Explosionsschutzzonen in der<\/p>\n\n\n\n<p>Gesamtanlage &#8211; im Einzelnen<\/p>\n\n\n\n<ul><li>Beurteilung der Relevanz der Betriebs- und Prozessmedien f\u00fcr ein zu erstellendes Gutachten<\/li><li>Bestimmung und zertifizierte Klassifizierung der Explosionsschutzzonen in der Anlage<\/li><\/ul>\n\n\n\n<p><strong>Bereich Schulungen und Seminare<\/strong><\/p>\n\n\n\n<p><strong>Universal, Siegburg (2017 &#8211; 2018)<\/strong><\/p>\n\n\n\n<p>Co-Referent f\u00fcr den \u201eLehrgang f\u00fcr Bef\u00e4higte Personen nach BetrSichV f\u00fcr Druckger\u00e4te\u201c mit dem Ziel des Pr\u00fcfungsabschlusses &nbsp;&nbsp;&nbsp;&nbsp;&nbsp;&nbsp;&nbsp;&nbsp;&nbsp;&nbsp;&nbsp; &nbsp;<\/p>\n\n\n\n<p>&#8211; Erfolgskontrolle (Beantwortung der Pr\u00fcfungsfragen)<\/p>\n\n\n\n<p>&#8211; Diskussionsrunde<\/p>\n\n\n\n<p>&nbsp;&#8211; Austeilung der Zertifikate (Teilnahmebescheinigungen)<\/p>\n\n\n\n<p><strong>Bereich Begutachtungen<\/strong><\/p>\n\n\n\n<p><strong>Kronospan, Lampertswalde (2017)<\/strong><\/p>\n\n\n\n<p>Begutachtung der Biomassefeuerungsanlage hinsichtlich der Baum\u00e4ngel, die zu einer Verringerung des Outputs gef\u00fchrt haben.<\/p>\n\n\n\n<p>Untersuchung der Minderleistung der W\u00e4rmetauscher (Thermo\u00f6l, Dampf) und Nachweis der mangelhaften Ausf\u00fchrung diverser Anlagenbereiche.<\/p>\n\n\n\n<p>Auswertung und Vorbereitung zur Entscheidung eines europ\u00e4ischen Gerichtes mit Teilnahme und Erl\u00e4uterung der gutachterlich erbrachten Ergebnisse.<\/p>\n\n\n\n<p><strong>RWE Technology GmbH (2011 bis 2016)<\/strong><\/p>\n\n\n\n<p>Claimmanagement<\/p>\n\n\n\n<p>Optimierung von Gesch\u00e4ftsprozessen (Erarbeitung von Workflows) unter Einbeziehung aller Gewerke und Anlagenbereiche (E- und Leittechnik, Maschinentechnik, Apparatetechnik, Bautechnik)<\/p>\n\n\n\n<p>Koordinierung von Rest- und M\u00e4ngelpunkten<\/p>\n\n\n\n<p>Bearbeitung und Koordinierung von Schadensf\u00e4llen incl. Korrespondenz und Abwicklung mit den Subunternehmern und Versicherern<\/p>\n\n\n\n<p>Organigrammerstellung<\/p>\n\n\n\n<p>Erstellung von Standardformularen<\/p>\n\n\n\n<p>Betriebsbeauftragter f\u00fcr Gew\u00e4sserschutz<\/p>\n\n\n\n<p>Betriebsbeauftragter f\u00fcr Abfall<\/p>\n\n\n\n<p>Sicherheitstechnik \u2013 Gr\u00fcndung eines Arbeitskreises (Normausschuss und VDMA) f\u00fcr die Sicherheit von Hubb\u00fchnen<\/p>\n","protected":false},"excerpt":{"rendered":"<p>Bereich Bauleitung, Bau\u00fcberwachung Bauleitung, Beratung und Planung im Kraftwerksbau und im industriellen Anlagenbau Die Kernkompetenzen liegen in den Arbeitsfeldern der Projektleitung der Kraftwerkstechnik, der Kraft-W\u00e4rme-Kopplung, der \u00d6l- und Erdgasgewinnung mit deren Verarbeitung sowie im Energiemanagement. Die Beratungsarten umfassen die &#8220;Functional Safety&#8221; in Projekten der Kraftwerkstechnik, sowohl energetisch als auch betriebswirtschaftlich. Zu erstellende Analysen, als auch &hellip;<\/p>\n","protected":false},"author":1,"featured_media":0,"parent":447,"menu_order":4,"comment_status":"closed","ping_status":"closed","template":"page-nosidebar.php","meta":[],"_links":{"self":[{"href":"http:\/\/www.scope-europe.de\/index.php?rest_route=\/wp\/v2\/pages\/534"}],"collection":[{"href":"http:\/\/www.scope-europe.de\/index.php?rest_route=\/wp\/v2\/pages"}],"about":[{"href":"http:\/\/www.scope-europe.de\/index.php?rest_route=\/wp\/v2\/types\/page"}],"author":[{"embeddable":true,"href":"http:\/\/www.scope-europe.de\/index.php?rest_route=\/wp\/v2\/users\/1"}],"replies":[{"embeddable":true,"href":"http:\/\/www.scope-europe.de\/index.php?rest_route=%2Fwp%2Fv2%2Fcomments&post=534"}],"version-history":[{"count":2,"href":"http:\/\/www.scope-europe.de\/index.php?rest_route=\/wp\/v2\/pages\/534\/revisions"}],"predecessor-version":[{"id":536,"href":"http:\/\/www.scope-europe.de\/index.php?rest_route=\/wp\/v2\/pages\/534\/revisions\/536"}],"up":[{"embeddable":true,"href":"http:\/\/www.scope-europe.de\/index.php?rest_route=\/wp\/v2\/pages\/447"}],"wp:attachment":[{"href":"http:\/\/www.scope-europe.de\/index.php?rest_route=%2Fwp%2Fv2%2Fmedia&parent=534"}],"curies":[{"name":"wp","href":"https:\/\/api.w.org\/{rel}","templated":true}]}}